{"id":83,"date":"2020-08-12T17:41:59","date_gmt":"2020-08-12T15:41:59","guid":{"rendered":"https:\/\/www.pratiquesurbaines.fr\/?page_id=83"},"modified":"2020-08-12T19:25:38","modified_gmt":"2020-08-12T17:25:38","slug":"1-axes-pour-agir","status":"publish","type":"page","link":"https:\/\/www.pratiquesurbaines.fr\/?page_id=83","title":{"rendered":"10 AXES POUR AGIR"},"content":{"rendered":"\n<p>Notre d\u00e9marche s\u2019inspire des principes \u00e9thiques de la permaculture \u00e9nonc\u00e9s en 2002 par David Holmgren.<\/p>\n\n\n\n<p>Au travers de nos propositions, nous cherchons \u00e0 apporter soin et attention au vivant (humain et non-humain) en consid\u00e9rant la gestion et l\u2019entretien comme partie int\u00e9grante du projet.<\/p>\n\n\n\n<p>Pour cela, nous avons d\u00e9fini un socle m\u00e9thodologique de&nbsp;<strong>10 AXES<\/strong>&nbsp;qui sont utilis\u00e9s en fonction des contextes.<\/p>\n\n\n\n<h3 class=\"wp-block-heading\">CULTIVER<\/h3>\n\n\n\n<p>Scruter avec attention les situations comme des organismes vivants et \u00e9volutifs.<\/p>\n\n\n\n<h3 class=\"wp-block-heading\">D\u00c9CLOISONNER<\/h3>\n\n\n\n<p>Utiliser les interfaces et les seuils comme des lieux dynamiques, h\u00e9t\u00e9roclites et productifs.&nbsp;<\/p>\n\n\n\n<h3 class=\"wp-block-heading\">DIALOGUER<\/h3>\n\n\n\n<p>Explorer les possibilit\u00e9s du projet processuel dans un dialogue ininterrompu avec le site et ses acteurs.<\/p>\n\n\n\n<h3 class=\"wp-block-heading\">ENQU\u00caTER&nbsp;<\/h3>\n\n\n\n<p>Observer pour comprendre, comprendre pour interagir avec les situations.<\/p>\n\n\n\n<h3 class=\"wp-block-heading\">EXP\u00c9RIMENTER<\/h3>\n\n\n\n<p>Tester un dispositif nouveau et in\u00e9dit pour alimenter de fa\u00e7on critique le projet d\u2019am\u00e9nagement.<\/p>\n\n\n\n<h3 class=\"wp-block-heading\">INT\u00c9GRER<\/h3>\n\n\n\n<p>Accepter, dans une logique \u00e9cosyst\u00e9mique, la complexit\u00e9 des situations et des relations.<\/p>\n\n\n\n<h3 class=\"wp-block-heading\">R\u00c9EMPLOYER<\/h3>\n\n\n\n<p>Consid\u00e9rer l\u2019\u00e9tat des lieux comme une ressource que le projet amplifie et d\u00e9veloppe.<\/p>\n\n\n\n<h3 class=\"wp-block-heading\">REPR\u00c9SENTER<\/h3>\n\n\n\n<p>Red\u00e9finir le rapport entre site et programme entre commande et projet, pour un urbanisme de r\u00e9v\u00e9lation.<\/p>\n\n\n\n<h3 class=\"wp-block-heading\">SITUER<\/h3>\n\n\n\n<p>Adopter une logique de situations, ici et nulle part ailleurs.<\/p>\n\n\n\n<h3 class=\"wp-block-heading\">VALORISER<\/h3>\n\n\n\n<p>Introduire d\u2019autres \u00e9chelles de valeurs que fonci\u00e8res ou \u00e9conomiques pour retrouver du bien commun.<\/p>\n","protected":false},"excerpt":{"rendered":"<p>Notre d\u00e9marche s\u2019inspire des principes \u00e9thiques de la permaculture \u00e9nonc\u00e9s en 2002 par David Holmgren. Au travers de nos propositions, nous cherchons \u00e0 apporter soin et attention au vivant (humain et non-humain) en consid\u00e9rant la gestion et l\u2019entretien comme partie int\u00e9grante du projet. Pour cela, nous avons d\u00e9fini un socle m\u00e9thodologique de&nbsp;10 AXES&nbsp;qui sont utilis\u00e9s [&hellip;]<\/p>\n","protected":false},"author":1,"featured_media":0,"parent":0,"menu_order":0,"comment_status":"closed","ping_status":"closed","template":"","meta":{"footnotes":""},"class_list":["post-83","page","type-page","status-publish","hentry"],"jetpack_sharing_enabled":true,"_links":{"self":[{"href":"https:\/\/www.pratiquesurbaines.fr\/index.php?rest_route=\/wp\/v2\/pages\/83","targetHints":{"allow":["GET"]}}],"collection":[{"href":"https:\/\/www.pratiquesurbaines.fr\/index.php?rest_route=\/wp\/v2\/pages"}],"about":[{"href":"https:\/\/www.pratiquesurbaines.fr\/index.php?rest_route=\/wp\/v2\/types\/page"}],"author":[{"embeddable":true,"href":"https:\/\/www.pratiquesurbaines.fr\/index.php?rest_route=\/wp\/v2\/users\/1"}],"replies":[{"embeddable":true,"href":"https:\/\/www.pratiquesurbaines.fr\/index.php?rest_route=%2Fwp%2Fv2%2Fcomments&post=83"}],"version-history":[{"count":2,"href":"https:\/\/www.pratiquesurbaines.fr\/index.php?rest_route=\/wp\/v2\/pages\/83\/revisions"}],"predecessor-version":[{"id":86,"href":"https:\/\/www.pratiquesurbaines.fr\/index.php?rest_route=\/wp\/v2\/pages\/83\/revisions\/86"}],"wp:attachment":[{"href":"https:\/\/www.pratiquesurbaines.fr\/index.php?rest_route=%2Fwp%2Fv2%2Fmedia&parent=83"}],"curies":[{"name":"wp","href":"https:\/\/api.w.org\/{rel}","templated":true}]}}