{"id":7,"date":"2020-08-12T15:45:19","date_gmt":"2020-08-12T13:45:19","guid":{"rendered":"https:\/\/www.pratiquesurbaines.fr\/?page_id=7"},"modified":"2020-08-12T17:50:55","modified_gmt":"2020-08-12T15:50:55","slug":"a-propos","status":"publish","type":"page","link":"https:\/\/www.pratiquesurbaines.fr\/?page_id=7","title":{"rendered":"CONSTATS"},"content":{"rendered":"\n<h3 class=\"wp-block-heading\">1<\/h3>\n\n\n\n<p>L\u2019injonction \u00e0 l\u2019innovation a totalement effac\u00e9 la notion de progr\u00e8s dont elle se consid\u00e8re le synonyme.<\/p>\n\n\n\n<p>En effet, les discours sur l\u2019innovation nous \u00e9loignent des objectifs du progr\u00e8s qui consistent \u00e0 inventer un autre monde.<\/p>\n\n\n\n<p>L\u2019innovation telle qu\u2019elle est envisag\u00e9e aujourd\u2019hui, sert surtout \u00e0 emp\u00eacher le d\u00e9litement du monde actuel dont on sait qu\u2019il est responsable de l\u2019\u00e9tat de nos environnements. En brandissant l\u2019\u00e9tendard de la nouveaut\u00e9, elle ne vise h\u00e9las qu\u2019\u00e0 conserver l\u2019\u00e9tat des choses\u2026<\/p>\n\n\n\n<p>L\u2019imm\u00e9diatet\u00e9 des r\u00e9ponses, l\u2019id\u00e9e que le temps serait corrupteur, qu\u2019il faut aller vite, nous \u00e9loigne paradoxalement des urgences essentielles auxquelles nous devons faire face et auxquelles nous devons apporter des r\u00e9ponses concr\u00e8tes.<\/p>\n\n\n\n<p>M\u00eame s\u2019il y a des choses qui bougent avec le concept de&nbsp;<em>z\u00e9ro artificialisation nette&nbsp;<\/em>(ZAN) inscrit dans la loi et de nouvelles mani\u00e8res de faire comme avec l\u2019urbanisme tactique ou transitoire, nos imaginaires, nos mani\u00e8res de faire sont finalement peu r\u00e9silientes.<\/p>\n\n\n\n<p>Ces constats doivent avoir un impact tr\u00e8s fort sur la fa\u00e7on de penser, de fabriquer, de penser et d\u2019enseigner la ville, l\u2019am\u00e9nagement et l\u2019urbanisme et l\u2019am\u00e9nagement\u2009!<\/p>\n\n\n\n<p><\/p>\n\n\n\n<h3 class=\"wp-block-heading\">2<\/h3>\n\n\n\n<p>Les conditions des projets, l\u2019\u00e9volution des gouvernances, les conditions de la commande, les moyens allou\u00e9s ou le jeu des acteurs ont consid\u00e9rablement \u00e9volu\u00e9 depuis quelques ann\u00e9es.<\/p>\n\n\n\n<p>Par ailleurs, la mont\u00e9e des risques (inondations), l\u2019\u00e9mergence des crises sociales et politiques (les gilets jaunes), les crises sanitaires (la covid19), les crises environnementales (r\u00e9chauffement climatique) d\u00e9terminent de nouveaux horizons de projets dans un monde aux ressources limit\u00e9es.&nbsp;<\/p>\n\n\n\n<p>Si les ph\u00e9nom\u00e8nes d\u2019urbanisation ont amplement transform\u00e9 le visage des villes et des territoires, les fa\u00e7ons de les pratiquer et de les habiter, il s\u2019agit d\u00e9sormais moins d\u2019imaginer leurs extensions que de les conforter et de les r\u00e9parer. Or nos territoires ruraux, p\u00e9riurbains et urbains sont peu adapt\u00e9s \u00e0 ces nouveaux d\u00e9fis.&nbsp;<\/p>\n\n\n\n<p><strong>Nous devons cr\u00e9er ensemble le chainon manquant entre le temps long de la planification et le temps court de l\u2019intervention locale et investir dans de nouvelles repr\u00e9sentations du futur en adaptant nos outils et nos m\u00e9thodes aux singularit\u00e9s des contextes<\/strong><strong>\u2009<\/strong><strong>!<\/strong><\/p>\n","protected":false},"excerpt":{"rendered":"<p>1 L\u2019injonction \u00e0 l\u2019innovation a totalement effac\u00e9 la notion de progr\u00e8s dont elle se consid\u00e8re le synonyme. En effet, les discours sur l\u2019innovation nous \u00e9loignent des objectifs du progr\u00e8s qui consistent \u00e0 inventer un autre monde. L\u2019innovation telle qu\u2019elle est envisag\u00e9e aujourd\u2019hui, sert surtout \u00e0 emp\u00eacher le d\u00e9litement du monde actuel dont on sait qu\u2019il [&hellip;]<\/p>\n","protected":false},"author":1,"featured_media":0,"parent":0,"menu_order":0,"comment_status":"closed","ping_status":"closed","template":"","meta":{"footnotes":""},"class_list":["post-7","page","type-page","status-publish","hentry"],"jetpack_sharing_enabled":true,"_links":{"self":[{"href":"https:\/\/www.pratiquesurbaines.fr\/index.php?rest_route=\/wp\/v2\/pages\/7","targetHints":{"allow":["GET"]}}],"collection":[{"href":"https:\/\/www.pratiquesurbaines.fr\/index.php?rest_route=\/wp\/v2\/pages"}],"about":[{"href":"https:\/\/www.pratiquesurbaines.fr\/index.php?rest_route=\/wp\/v2\/types\/page"}],"author":[{"embeddable":true,"href":"https:\/\/www.pratiquesurbaines.fr\/index.php?rest_route=\/wp\/v2\/users\/1"}],"replies":[{"embeddable":true,"href":"https:\/\/www.pratiquesurbaines.fr\/index.php?rest_route=%2Fwp%2Fv2%2Fcomments&post=7"}],"version-history":[{"count":5,"href":"https:\/\/www.pratiquesurbaines.fr\/index.php?rest_route=\/wp\/v2\/pages\/7\/revisions"}],"predecessor-version":[{"id":103,"href":"https:\/\/www.pratiquesurbaines.fr\/index.php?rest_route=\/wp\/v2\/pages\/7\/revisions\/103"}],"wp:attachment":[{"href":"https:\/\/www.pratiquesurbaines.fr\/index.php?rest_route=%2Fwp%2Fv2%2Fmedia&parent=7"}],"curies":[{"name":"wp","href":"https:\/\/api.w.org\/{rel}","templated":true}]}}