{"id":2,"date":"2020-08-12T10:47:57","date_gmt":"2020-08-12T10:47:57","guid":{"rendered":"https:\/\/www.pratiquesurbaines.fr\/?page_id=2"},"modified":"2020-08-14T18:34:21","modified_gmt":"2020-08-14T16:34:21","slug":"sample-page","status":"publish","type":"page","link":"https:\/\/www.pratiquesurbaines.fr\/?page_id=2","title":{"rendered":"OUTILS &#038; M\u00c9THODES"},"content":{"rendered":"\n<div class=\"wp-block-group\"><div class=\"wp-block-group__inner-container is-layout-flow wp-block-group-is-layout-flow\">\n<p>Nous avons besoin de m\u00e9thodes it\u00e9ratives, partenariales qui donnent des outils pour territorialiser, mieux comprendre et prendre en compte les contextes, les objectiver et les organiser.<\/p>\n\n\n\n<p>Nous avons besoin de faire ensemble avec l\u2019ensemble des parties prenantes, en amont des projets, avec l\u2019ensemble des \u00e9lus, des professionnels, et la soci\u00e9t\u00e9 civile, usagers, habitants qui sont porteurs de comp\u00e9tences et d\u2019inspirations. Ils doivent \u00eatre associ\u00e9s aux processus de fabrique urbaine \u00e0 toutes les \u00e9chelles de la planification au projet.<\/p>\n\n\n\n<p>Face aux d\u00e9fis d\u2019une grande complexit\u00e9, nous devons nous d\u00e9partir des recettes afin de trouver, en chaque situation, des r\u00e9ponses appropri\u00e9es.&nbsp;<\/p>\n\n\n\n<p>Ces m\u00e9thodes remettent au centre du jeu la ma\u00eetrise d\u2019ouvrage urbaine, donc la fonction politique au sens large et redonnent toute sa place \u00e0 la technique et au temps.<\/p>\n<\/div><\/div>\n","protected":false},"excerpt":{"rendered":"<p>Nous avons besoin de m\u00e9thodes it\u00e9ratives, partenariales qui donnent des outils pour territorialiser, mieux comprendre et prendre en compte les contextes, les objectiver et les organiser. Nous avons besoin de faire ensemble avec l\u2019ensemble des parties prenantes, en amont des projets, avec l\u2019ensemble des \u00e9lus, des professionnels, et la soci\u00e9t\u00e9 civile, usagers, habitants qui sont [&hellip;]<\/p>\n","protected":false},"author":1,"featured_media":0,"parent":0,"menu_order":0,"comment_status":"closed","ping_status":"open","template":"","meta":{"footnotes":""},"class_list":["post-2","page","type-page","status-publish","hentry"],"jetpack_sharing_enabled":true,"_links":{"self":[{"href":"https:\/\/www.pratiquesurbaines.fr\/index.php?rest_route=\/wp\/v2\/pages\/2","targetHints":{"allow":["GET"]}}],"collection":[{"href":"https:\/\/www.pratiquesurbaines.fr\/index.php?rest_route=\/wp\/v2\/pages"}],"about":[{"href":"https:\/\/www.pratiquesurbaines.fr\/index.php?rest_route=\/wp\/v2\/types\/page"}],"author":[{"embeddable":true,"href":"https:\/\/www.pratiquesurbaines.fr\/index.php?rest_route=\/wp\/v2\/users\/1"}],"replies":[{"embeddable":true,"href":"https:\/\/www.pratiquesurbaines.fr\/index.php?rest_route=%2Fwp%2Fv2%2Fcomments&post=2"}],"version-history":[{"count":3,"href":"https:\/\/www.pratiquesurbaines.fr\/index.php?rest_route=\/wp\/v2\/pages\/2\/revisions"}],"predecessor-version":[{"id":208,"href":"https:\/\/www.pratiquesurbaines.fr\/index.php?rest_route=\/wp\/v2\/pages\/2\/revisions\/208"}],"wp:attachment":[{"href":"https:\/\/www.pratiquesurbaines.fr\/index.php?rest_route=%2Fwp%2Fv2%2Fmedia&parent=2"}],"curies":[{"name":"wp","href":"https:\/\/api.w.org\/{rel}","templated":true}]}}