{"id":120,"date":"2020-08-12T18:45:02","date_gmt":"2020-08-12T16:45:02","guid":{"rendered":"https:\/\/www.pratiquesurbaines.fr\/?page_id=120"},"modified":"2023-01-13T19:26:42","modified_gmt":"2023-01-13T18:26:42","slug":"intellectuel-collectif","status":"publish","type":"page","link":"https:\/\/www.pratiquesurbaines.fr\/?page_id=120","title":{"rendered":"PARCOURS"},"content":{"rendered":"\n<p>Patrick Henry est architecte et urbaniste. Il cr\u00e9e sa propre structure,&nbsp;PRATIQUES URBAINES, en 2017 apr\u00e8s avoir pilot\u00e9 durant 10 ans la ma\u00eetrise d\u2019\u0153uvre urbaine du projet de l\u2019\u00eele de Nantes (2000-2010).<\/p>\n\n\n\n<p>PRATIQUES URBAINES s\u2019affranchit des barri\u00e8res et des anciens clivages, car les d\u00e9fis contemporains n\u00e9cessitent d\u2019agr\u00e9ger les comp\u00e9tences et les d\u00e9sirs.<\/p>\n\n\n\n<p>Patrick Henry enseigne depuis 12 ans dans les ENSA. En septembre 2019, il est nomm\u00e9 professeur \u00e0\u00a0l\u2019<a href=\"https:\/\/www.paris-belleville.archi.fr\/acteur\/patrick-henry\/\">ENSA Paris-Belleville<\/a>\u00a0et prend la direction scientifique du\u00a0<a href=\"https:\/\/www.paris-belleville.archi.fr\/formations\/specialisations\/dsa-architecture-et-projet-urbain\/\">DSA architecture des territoires (projet et recherche)<\/a>. Il enseigne le projet architectural et urbain en Licence et en Master sur et autour des questions li\u00e9es aux villes moyennes et territoires en d\u00e9prise. Il\u00a0est membre associ\u00e9 de l\u2019<a href=\"https:\/\/www.paris-belleville.archi.fr\/recherche\/ipraus-ausser\/presentation\/\">IPRAUS-AUSser<\/a>.<\/p>\n","protected":false},"excerpt":{"rendered":"<p>Patrick Henry est architecte et urbaniste. Il cr\u00e9e sa propre structure,&nbsp;PRATIQUES URBAINES, en 2017 apr\u00e8s avoir pilot\u00e9 durant 10 ans la ma\u00eetrise d\u2019\u0153uvre urbaine du projet de l\u2019\u00eele de Nantes (2000-2010). PRATIQUES URBAINES s\u2019affranchit des barri\u00e8res et des anciens clivages, car les d\u00e9fis contemporains n\u00e9cessitent d\u2019agr\u00e9ger les comp\u00e9tences et les d\u00e9sirs. Patrick Henry enseigne depuis [&hellip;]<\/p>\n","protected":false},"author":1,"featured_media":0,"parent":0,"menu_order":0,"comment_status":"closed","ping_status":"closed","template":"","meta":{"footnotes":""},"class_list":["post-120","page","type-page","status-publish","hentry"],"jetpack_sharing_enabled":true,"_links":{"self":[{"href":"https:\/\/www.pratiquesurbaines.fr\/index.php?rest_route=\/wp\/v2\/pages\/120","targetHints":{"allow":["GET"]}}],"collection":[{"href":"https:\/\/www.pratiquesurbaines.fr\/index.php?rest_route=\/wp\/v2\/pages"}],"about":[{"href":"https:\/\/www.pratiquesurbaines.fr\/index.php?rest_route=\/wp\/v2\/types\/page"}],"author":[{"embeddable":true,"href":"https:\/\/www.pratiquesurbaines.fr\/index.php?rest_route=\/wp\/v2\/users\/1"}],"replies":[{"embeddable":true,"href":"https:\/\/www.pratiquesurbaines.fr\/index.php?rest_route=%2Fwp%2Fv2%2Fcomments&post=120"}],"version-history":[{"count":7,"href":"https:\/\/www.pratiquesurbaines.fr\/index.php?rest_route=\/wp\/v2\/pages\/120\/revisions"}],"predecessor-version":[{"id":239,"href":"https:\/\/www.pratiquesurbaines.fr\/index.php?rest_route=\/wp\/v2\/pages\/120\/revisions\/239"}],"wp:attachment":[{"href":"https:\/\/www.pratiquesurbaines.fr\/index.php?rest_route=%2Fwp%2Fv2%2Fmedia&parent=120"}],"curies":[{"name":"wp","href":"https:\/\/api.w.org\/{rel}","templated":true}]}}