{"id":104,"date":"2020-08-12T17:56:15","date_gmt":"2020-08-12T15:56:15","guid":{"rendered":"https:\/\/www.pratiquesurbaines.fr\/?page_id=104"},"modified":"2023-01-13T19:16:57","modified_gmt":"2023-01-13T18:16:57","slug":"projets-references","status":"publish","type":"page","link":"https:\/\/www.pratiquesurbaines.fr\/?page_id=104","title":{"rendered":"R\u00c9F\u00c9RENCES"},"content":{"rendered":"\n<p>Le projet n\u2019est pas seulement un r\u00e9sultat \u00e0 atteindre, mais un processus it\u00e9ratif et collaboratif, int\u00e9grant de nombreux acteurs&nbsp;: il questionne autant qu\u2019il r\u00e9pond, il interroge autant qu\u2019il propose. L\u2019expression des besoins et des attentes compte tout autant que la formalisation de solutions.&nbsp; Le projet int\u00e8gre le temps long de la fabrique urbaine et les temps courts qui rythment et conditionnent sa mise en \u0153uvre.<\/p>\n\n\n\n<h2 class=\"wp-block-heading\">Projets<\/h2>\n\n\n\n<p><em>CR\u00c9ATION DU JARDIN DU SOUVENIR DES ATTENTATS DU 13 NOVEMBRE 2015.<\/em><\/p>\n\n\n\n<p>Nous allons accompagner les associations des victimes (Paris for Life et 13 Onze 15) et la Ville de Paris pour d\u00e9velopper ce jardin au centre m\u00eame de Paris, place Saint-Gervais (1er arrondissement).<br>Notre projet trace au sol le plan des six lieux frapp\u00e9s dans cette nuit tragique. Le jardin \u00e9mergera du sol. La pierre fragment\u00e9e rappellera la violence ind\u00e9l\u00e9bile ; les plantes qui s&rsquo;y installeront seront un \u00e9loge de la vie et de la m\u00e9moire longue, sans cesse raviv\u00e9e.<\/p>\n\n\n\n<p>Equipe : Wagon Landscaping (mandataire), Gilles Cl\u00e9ment, Soja architecture, AREP \u2013 VRD, ON &#8211; conception lumi\u00e8re, Jean-Marc Dreyfus \u2013 historien de la m\u00e9moire, Pratiques Urbaines (Patrick Henry) , Thierry Fontaine \u2013 Artiste, Monono , Biotope, Cronos.<\/p>\n\n\n\n<p><em>ATELIERS DE TERRITOIRES  au format \u00ab\u2009flash\u2009\u00bb<\/em> (POLAU-p\u00f4le arts &amp; urbanisme, mandataire)\u00a0; d\u00e9marche initi\u00e9e par le minist\u00e8re de la Transition \u00e9cologique, de la coh\u00e9sion des territoires et de la transition \u00e9nerg\u00e9tique\u00a0; offre d\u2019accompagnement sur les questions d\u2019urbanisme et d\u2019am\u00e9nagement aux collectivit\u00e9s et aux porteurs de projets qui se manifestent aupr\u00e8s des services d\u00e9concentr\u00e9s de l\u2019\u00c9tat. Expertise sp\u00e9cifique sur le th\u00e8me, R\u00e9parer la ville pour habiter mieux et pr\u00e9server les sols.<\/p>\n\n\n\n<p><em>EXPERTISE URBAINE ET TERRITORIALE destin\u00e9e \u00e0 alimenter le projet de territoire de la ville de Li\u00e8ge<\/em>, d\u00e9partement de l\u2019urbanisme et de l\u2019am\u00e9nagement du territoire, BAUMANS-DEFFET architecture\/urbanisme (mandataire), PRATIQUES URBAINES, ACT. Urbanisme\/Paysage\/Design social, Julie Neuwels urbanisme\/d\u00e9veloppement durable\/sociologie, 2020-2021.<\/p>\n\n\n\n<p><em>MISSION DE CURATEUR POUR UNE MASTER CLASS, d\u00e9finition des conditions qualitatives de la densit\u00e9 urbaine sur le territoire de la R\u00e9gion de Bruxelles-Capitale<\/em>, perspectives brussels, J\u00e9r\u00f4me Baratier (mandataire), Marco Cremaschi, Patrick Henry, Jeroen De Waegemaeker, octobre 2020.<\/p>\n\n\n\n<p><em>\u00c8RE&nbsp;21, Le parlement de Loire de la m\u00e9tropole jardin<\/em><\/p>\n\n\n\n<p><em>Appel \u00e0 projets innovants Devenir.Tours, Ville de Tours (37), projet laur\u00e9at, POLAU +&nbsp;<\/em>PRATIQUES URBAINES, 2020-2025.<\/p>\n\n\n\n<p><em>REGARDS SUR LE VAL DE LOIRE (AMO),&nbsp;<\/em>Mission Val de Loire (patrimoine mondial de l\u2019UNSECO),&nbsp;<em>POLAU +&nbsp;<\/em>PRATIQUES URBAINES, 2020-2021.<\/p>\n\n\n\n<p><em>MISSION DE PR\u00c9FIGURATION ET DE D\u00c9FINITION POUR LA REQUALIFICATION DU PORT NORD,&nbsp;<\/em>Chalon-sur-Sa\u00f4ne (71), PRATIQUES URBAINES\/DIXIT\/POLAU\/\u00c9TABLISSEMENT\/OTCI, 2019 &#8211; 21.<\/p>\n\n\n\n<p><em>REQUALIFICATION DU QUARTIER DE LA REDOUTE, OP\u00c9RATION RABELAIS<\/em>, Fontenay-sous-Bois (94). \u00c9tude urbaine, assistance \u00e0 la mise en place d\u2019un secteur de plan-masse, r\u00e9daction d\u2019une charte architecturale, urbaine et paysag\u00e8re, PRATIQUES URBAINES, 2018.<\/p>\n\n\n\n<p><em>\u00c9TUDE DE REQUALIFICATION URBAINE DU SECTEUR GALLIENI<\/em>, Joinville-le-Pont (94), Agence Philippe Hamelin (mandataire), PRATIQUES URBAINES (urbaniste), Paris Sud Am\u00e9nagement, Objectif Ville, Segat, OTCI, CDVia, 2019\/2020.<\/p>\n\n\n\n<p><em>\u00c9LABORATION D\u2019UNE CHARTE DES ESPACES PUBLICS<\/em>, Grand Paris Seine &amp; Oise, D\u2019une ville \u00e0 l\u2019autre (architecte-urbaniste mandataire), EMF (paysage), C\u00e9line Loudier-Malgouyres (sociologue), SCE (BET), PRATIQUES URBAINES (expertise urbaine et paysag\u00e8re), 2017\/18.<\/p>\n\n\n\n<p><em>\u00c9TUDE DE PRE-PROGRAMMATION SUR L\u2019ESPLANADE DE LA DEFENSE<\/em>, Paris, DEFACTO, Agence Philippe Hamelin (mandataire), S\u2019PACE consultant environnement, PRATIQUES URBAINES (urbaniste) 2017 (en cours).<\/p>\n\n\n\n<p><em>LA VILLE SUR MESURE<\/em>, Inventons la M\u00e9tropole du Grand Paris, M\u00e9tropole et Soci\u00e9t\u00e9 du Grand Paris, site Blanchard\/Croizat-Fortin \u00e0 Bagneux (92), \u00e9quipe Br\u00e9mond\/Lamotte, PRATIQUES URBAINES (urbaniste mandataire), RAUM (architecte), Wagon Landscaping (paysage), Promoteur de Courtoisie Urbaine, Paris Architecture \u00c9cologie (d\u00e9veloppement durable), POLAU-pole des arts urbains &amp; Agence Wille (strat\u00e9gies culturelles). Projet laur\u00e9at, 2017 (en cours).<\/p>\n\n\n\n<h2 class=\"wp-block-heading\">Publications<\/h2>\n\n\n\n<h4 class=\"wp-block-heading\">OUVRAGES<\/h4>\n\n\n\n<p>Patrick Henry<em>, Les 101 mots de l&rsquo;urbanisme<\/em>, Archibooks, Paris, 2011.<\/p>\n\n\n\n<p>Alexandre Chemetoff,&nbsp;<em>Le Plan-guide (suites<\/em>), Conception et coordination Patrick Henry, Archibooks, Paris, 2010.<\/p>\n\n\n\n<p>Alexandre Chemetoff et Patrick Henry,&nbsp;<em>Visites<\/em>, Archibooks, Paris et Birkhauser Basel, Boston, Berlin, 2009.<\/p>\n\n\n\n<h4 class=\"wp-block-heading\">CHAPITRES D\u2019OUVRAGES<\/h4>\n\n\n\n<p>Patrick Henry,&nbsp;<em>Agir pour et avec les sols urbains<\/em>, postface Manifeste pour un urbanisme circulaire (Sylvain Grisot), dixit.net, 2020, pp.185-190.&nbsp;<a href=\"https:\/\/dixit.net\/nb\/agir-pour-et-avec-les-sols-urbains\">https:\/\/dixit.net\/nb\/agir-pour-et-avec-les-sols-urbains<\/a><\/p>\n\n\n\n<p>Publication augment\u00e9e de photos d\u2019Arnauld Duboys Fresney :&nbsp;<a href=\"https:\/\/blogs.mediapart.fr\/polau-and-co\/blog\/120520\/agir-pour-et-avec-les-sols-urbains\">https:\/\/<\/a><a href=\"https:\/\/blogs.mediapart.fr\/polau-and-co\/blog\/120520\/agir-pour-et-avec-les-sols-urbains\">blogs.mediapart.fr\/polau-and-co\/blog\/120520\/agir-pour-et-avec-les-sols-urbains<\/a><\/p>\n\n\n\n<p>Patrick Henry,&nbsp;<em>De nouveaux espaces publics ?<\/em>&nbsp;Espace public, espace politique, Baobab, dealer d\u2019espaces, 2016, pp. 78-86.<\/p>\n\n\n\n<h4 class=\"wp-block-heading\">ARTICLES<\/h4>\n\n\n\n<p>Maud Le Floc\u2019h, St\u00e9phane Lemoine, Patrick Henry,&nbsp;<em>Tous urbanistes ? Les faux-semblants de l\u2019urbanisme partag\u00e9<\/em>, M\u00e9diapart, 27 mars 2019. <a href=\"https:\/\/blogs.mediapart.fr\/polau-and-co\/blog\/270319\/tous-urbanistes-les-faux-semblants-de-l-urbanisme-partage\">https:\/\/blogs.mediapart.fr\/polau-and-co\/blog\/270319\/tous-urbanistes-les-faux-semblants-de-l-urbanisme-partage<\/a><\/p>\n\n\n\n<p>Patrick Henry et Sylvain Grisot,&nbsp;<em>L\u2019\u00eele de Nantes et le pav\u00e9 magique<\/em>, Place Publique Nantes\/Saint-Nazaire, n\u00b069, hiver 2018\/2019, pp.122-127.&nbsp;<a href=\"https:\/\/dixit.net\/nb\/pave-magique\">https:\/\/<\/a><a href=\"https:\/\/dixit.net\/nb\/pave-magique\">dixit.net\/nb\/pave-magique<\/a><\/p>\n\n\n\n<p>Patrick Henry,&nbsp;<em>Ici, c\u2019est Le Havre en Normandie<\/em>, CRITICAT, n\u00b012, 2013\/automne, pp.2-17.<\/p>\n","protected":false},"excerpt":{"rendered":"<p>Le projet n\u2019est pas seulement un r\u00e9sultat \u00e0 atteindre, mais un processus it\u00e9ratif et collaboratif, int\u00e9grant de nombreux acteurs&nbsp;: il questionne autant qu\u2019il r\u00e9pond, il interroge autant qu\u2019il propose. L\u2019expression des besoins et des attentes compte tout autant que la formalisation de solutions.&nbsp; Le projet int\u00e8gre le temps long de la fabrique urbaine et les [&hellip;]<\/p>\n","protected":false},"author":1,"featured_media":0,"parent":0,"menu_order":0,"comment_status":"closed","ping_status":"closed","template":"","meta":{"footnotes":""},"class_list":["post-104","page","type-page","status-publish","hentry"],"jetpack_sharing_enabled":true,"_links":{"self":[{"href":"https:\/\/www.pratiquesurbaines.fr\/index.php?rest_route=\/wp\/v2\/pages\/104","targetHints":{"allow":["GET"]}}],"collection":[{"href":"https:\/\/www.pratiquesurbaines.fr\/index.php?rest_route=\/wp\/v2\/pages"}],"about":[{"href":"https:\/\/www.pratiquesurbaines.fr\/index.php?rest_route=\/wp\/v2\/types\/page"}],"author":[{"embeddable":true,"href":"https:\/\/www.pratiquesurbaines.fr\/index.php?rest_route=\/wp\/v2\/users\/1"}],"replies":[{"embeddable":true,"href":"https:\/\/www.pratiquesurbaines.fr\/index.php?rest_route=%2Fwp%2Fv2%2Fcomments&post=104"}],"version-history":[{"count":6,"href":"https:\/\/www.pratiquesurbaines.fr\/index.php?rest_route=\/wp\/v2\/pages\/104\/revisions"}],"predecessor-version":[{"id":235,"href":"https:\/\/www.pratiquesurbaines.fr\/index.php?rest_route=\/wp\/v2\/pages\/104\/revisions\/235"}],"wp:attachment":[{"href":"https:\/\/www.pratiquesurbaines.fr\/index.php?rest_route=%2Fwp%2Fv2%2Fmedia&parent=104"}],"curies":[{"name":"wp","href":"https:\/\/api.w.org\/{rel}","templated":true}]}}